{"id":41,"date":"2023-01-14T17:06:45","date_gmt":"2023-01-14T16:06:45","guid":{"rendered":"https:\/\/magnetiseur-psycho-soma-22-35-50.fr\/?page_id=41"},"modified":"2023-01-14T17:06:45","modified_gmt":"2023-01-14T16:06:45","slug":"accueil-dinan","status":"publish","type":"page","link":"https:\/\/magnetiseur-psycho-soma-22-35-50.fr\/index.php\/accueil-dinan\/","title":{"rendered":"Accueil Dinan"},"content":{"rendered":"\n<p style=\"font-size:18px\">Je vous souhaite la <strong>bienvenue<\/strong>,<\/p>\n\n\n<div class=\"wp-block-image\">\n<figure class=\"aligncenter size-large is-resized\"><img loading=\"lazy\" decoding=\"async\" src=\"http:\/\/magnetiseur-psycho-soma-22-35-50.fr\/wp-content\/uploads\/2023\/01\/Soins.jpg\" alt=\"\" class=\"wp-image-77\" width=\"271\" height=\"203\"\/><\/figure>\n<\/div>\n\n\n<p class=\"has-text-align-center\" style=\"font-size:18px\">et propose de vous accompagner sur votre chemin de vie, <strong>en r\u00e9gulant et r\u00e9-\u00e9quilibrant vos \u00e9nergies<\/strong>, qu\u2019elles soient physiques, psychiques ou mentales.<\/p>\n\n\n\n<h1 class=\"wp-block-heading\"><strong>Formations :<\/strong><\/h1>\n\n\n\n<div class=\"wp-block-group\"><div class=\"wp-block-group__inner-container is-layout-flow wp-block-group-is-layout-flow\">\n<ul class=\"wp-block-list\">\n<li>REIKI<\/li>\n\n\n\n<li>Magn\u00e9tiseur<\/li>\n\n\n\n<li>Psycho-Energ\u00e9tique<\/li>\n\n\n\n<li>Reconnexion<\/li>\n\n\n\n<li>M\u00e9ditation<\/li>\n<\/ul>\n<\/div><\/div>\n\n\n\n<p>Ces pratiques sont \u00e0 votre disposition pour <strong>harmoniser votre \u00catre<\/strong> dans une f\u00e9licit\u00e9 de Vie et d\u2019Amour.<\/p>\n\n\n\n<hr class=\"wp-block-separator has-css-opacity is-style-wide\"\/>\n\n\n\n<h1 class=\"wp-block-heading\"><strong>Adresse<\/strong>: <\/h1>\n\n\n\n<p>Nous pouvons nous rencontrer au 8 le Bois Guillaume 22130 Corseul <strong>sur rendez-vous<\/strong>.<br>Bien \u00e0 vous<\/p>\n","protected":false},"excerpt":{"rendered":"<p>Je vous souhaite la bienvenue, et propose de vous accompagner sur votre chemin de vie, en r\u00e9gulant et r\u00e9-\u00e9quilibrant vos \u00e9nergies, qu\u2019elles soient physiques, psychiques ou mentales. Formations : Ces pratiques sont \u00e0 votre disposition pour harmoniser votre \u00catre dans une f\u00e9licit\u00e9 de Vie et d\u2019Amour. Adresse: Nous pouvons nous rencontrer au 8 le Bois &hellip; <\/p>\n<p class=\"link-more\"><a href=\"https:\/\/magnetiseur-psycho-soma-22-35-50.fr\/index.php\/accueil-dinan\/\" class=\"more-link\">Continuer la lecture<span class=\"screen-reader-text\"> de &laquo;&nbsp;Accueil Dinan&nbsp;&raquo;<\/span><\/a><\/p>\n","protected":false},"author":1,"featured_media":0,"parent":0,"menu_order":0,"comment_status":"closed","ping_status":"closed","template":"","meta":{"footnotes":""},"class_list":["post-41","page","type-page","status-publish","hentry"],"_links":{"self":[{"href":"https:\/\/magnetiseur-psycho-soma-22-35-50.fr\/index.php\/wp-json\/wp\/v2\/pages\/41","targetHints":{"allow":["GET"]}}],"collection":[{"href":"https:\/\/magnetiseur-psycho-soma-22-35-50.fr\/index.php\/wp-json\/wp\/v2\/pages"}],"about":[{"href":"https:\/\/magnetiseur-psycho-soma-22-35-50.fr\/index.php\/wp-json\/wp\/v2\/types\/page"}],"author":[{"embeddable":true,"href":"https:\/\/magnetiseur-psycho-soma-22-35-50.fr\/index.php\/wp-json\/wp\/v2\/users\/1"}],"replies":[{"embeddable":true,"href":"https:\/\/magnetiseur-psycho-soma-22-35-50.fr\/index.php\/wp-json\/wp\/v2\/comments?post=41"}],"version-history":[{"count":2,"href":"https:\/\/magnetiseur-psycho-soma-22-35-50.fr\/index.php\/wp-json\/wp\/v2\/pages\/41\/revisions"}],"predecessor-version":[{"id":43,"href":"https:\/\/magnetiseur-psycho-soma-22-35-50.fr\/index.php\/wp-json\/wp\/v2\/pages\/41\/revisions\/43"}],"wp:attachment":[{"href":"https:\/\/magnetiseur-psycho-soma-22-35-50.fr\/index.php\/wp-json\/wp\/v2\/media?parent=41"}],"curies":[{"name":"wp","href":"https:\/\/api.w.org\/{rel}","templated":true}]}}